{"id":50538,"date":"2020-05-13T11:37:00","date_gmt":"2020-05-13T14:37:00","guid":{"rendered":"https:\/\/grupomidia.com\/quemrealiza\/?page_id=50538"},"modified":"2020-09-24T09:31:52","modified_gmt":"2020-09-24T12:31:52","slug":"live","status":"publish","type":"page","link":"https:\/\/grupomidia.com\/quemrealiza\/live\/","title":{"rendered":"Quem Realiza |<br>Live"},"content":{"rendered":"<p>A plataforma Quem Realiza, do Grupo M\u00eddia iniciou uma s\u00e9rie de LIVES que contar\u00e3o com grandes<br \/>\nrealizadores em diversas \u00e1reas.<\/p>\n<p>&nbsp;<\/p>\n<blockquote><p><strong>Playlist Lives<\/strong><\/p><\/blockquote>\n\n<table id=\"tablepress-4\" class=\"tablepress tablepress-id-4\">\n<tbody>\n<tr class=\"row-1\">\n\t<td class=\"column-1\"><iframe loading=\"lazy\" width=\"560\" height=\"315\" src=\"https:\/\/www.youtube.com\/embed\/videoseries?list=PLz0Sez13qo68LsvVU53us8Du4R6vl7pNJ\" frameborder=\"0\" allow=\"accelerometer; autoplay; clipboard-write; encrypted-media; gyroscope; picture-in-picture\" allowfullscreen><\/iframe><\/td>\n<\/tr>\n<\/tbody>\n<\/table>\n<!-- #tablepress-4 from cache -->\n<p>&nbsp;<\/p>\n<blockquote><p><strong>Acompanhe transmiss\u00f5es ao vivo:<\/strong><\/p>\n<p>YouTube da Quem Realiza:<br \/>\nhttps:\/\/www.youtube.com\/channel\/UC3zY7lrgtcqq-KqkV0qqwjw\/live<\/p>\n<p>Facebook da Quem Realiza: facebook.com\/quemrealiza\/<\/p><\/blockquote>\n\n<table id=\"tablepress-5\" class=\"tablepress tablepress-id-5\">\n<tbody>\n<tr class=\"row-1\">\n\t<td class=\"column-1\"><br><hr><\/td>\n<\/tr>\n<\/tbody>\n<\/table>\n<!-- #tablepress-5 from cache -->\n<div id=\"rd-text-joq3m2m5g\" class=\"bricks--component bricks--component-text rd-text\">\n<h2 style=\"text-align: center;\"><\/h2>\n<h2 style=\"text-align: center;\">PR\u00caMIO QUEM REALIZA<br \/>\nO OSCAR DA REGI\u00c3O<\/h2>\n<\/div>\n<div id=\"rd-text-k9x6w2xk\" class=\"bricks--component bricks--component-text rd-text\">\n<p style=\"text-align: center;\">Vote nas personalidades que realizaram grandes feitos e fizeram a diferen\u00e7a<br \/>\nna \u00faltima d\u00e9cada em Ribeir\u00e3o Preto e regi\u00e3o.<\/p>\n<\/div>\n<p><a href=\"https:\/\/grupomidia.com\/quemrealiza\/premio-quem-realiza\/\" target=\"_blank\" rel=\"noopener noreferrer\"><img loading=\"lazy\" decoding=\"async\" class=\"wp-image-50554 aligncenter\" src=\"https:\/\/grupomidia.com\/quemrealiza\/wp-content\/uploads\/2020\/05\/votacao-premio-quem-realiza-live.jpg\" alt=\"\" width=\"600\" height=\"195\" title=\"\" srcset=\"https:\/\/grupomidia.com\/quemrealiza\/wp-content\/uploads\/2020\/05\/votacao-premio-quem-realiza-live.jpg 798w, https:\/\/grupomidia.com\/quemrealiza\/wp-content\/uploads\/2020\/05\/votacao-premio-quem-realiza-live-300x97.jpg 300w, https:\/\/grupomidia.com\/quemrealiza\/wp-content\/uploads\/2020\/05\/votacao-premio-quem-realiza-live-768x249.jpg 768w\" sizes=\"auto, (max-width: 600px) 100vw, 600px\" \/><\/a><\/p>\n","protected":false},"excerpt":{"rendered":"<p>A plataforma Quem Realiza, do Grupo M\u00eddia iniciou uma s\u00e9rie de LIVES que contar\u00e3o com grandes realizadores em diversas \u00e1reas. &nbsp; Playlist Lives &nbsp; Acompanhe transmiss\u00f5es ao vivo: YouTube da Quem Realiza: https:\/\/www.youtube.com\/channel\/UC3zY7lrgtcqq-KqkV0qqwjw\/live Facebook da Quem Realiza: facebook.com\/quemrealiza\/ PR\u00caMIO QUEM REALIZA O OSCAR DA REGI\u00c3O Vote nas personalidades que realizaram grandes feitos e fizeram a [&hellip;]<\/p>\n","protected":false},"author":1,"featured_media":50539,"parent":0,"menu_order":0,"comment_status":"closed","ping_status":"closed","template":"","meta":{"footnotes":""},"class_list":["post-50538","page","type-page","status-publish","has-post-thumbnail","hentry"],"wps_subtitle":"A plataforma Quem Realiza iniciou uma s\u00e9rie de LIVES que contar\u00e3o com grandes realizadores em diversas \u00e1reas.","_links":{"self":[{"href":"https:\/\/grupomidia.com\/quemrealiza\/wp-json\/wp\/v2\/pages\/50538","targetHints":{"allow":["GET"]}}],"collection":[{"href":"https:\/\/grupomidia.com\/quemrealiza\/wp-json\/wp\/v2\/pages"}],"about":[{"href":"https:\/\/grupomidia.com\/quemrealiza\/wp-json\/wp\/v2\/types\/page"}],"author":[{"embeddable":true,"href":"https:\/\/grupomidia.com\/quemrealiza\/wp-json\/wp\/v2\/users\/1"}],"replies":[{"embeddable":true,"href":"https:\/\/grupomidia.com\/quemrealiza\/wp-json\/wp\/v2\/comments?post=50538"}],"version-history":[{"count":0,"href":"https:\/\/grupomidia.com\/quemrealiza\/wp-json\/wp\/v2\/pages\/50538\/revisions"}],"wp:featuredmedia":[{"embeddable":true,"href":"https:\/\/grupomidia.com\/quemrealiza\/wp-json\/wp\/v2\/media\/50539"}],"wp:attachment":[{"href":"https:\/\/grupomidia.com\/quemrealiza\/wp-json\/wp\/v2\/media?parent=50538"}],"curies":[{"name":"wp","href":"https:\/\/api.w.org\/{rel}","templated":true}]}}