{"id":50234,"date":"2020-04-09T09:27:14","date_gmt":"2020-04-09T12:27:14","guid":{"rendered":"https:\/\/grupomidia.com\/hcm\/?page_id=50234"},"modified":"2020-11-04T12:44:38","modified_gmt":"2020-11-04T14:44:38","slug":"anuncie-na-plataforma-quem-realiza","status":"publish","type":"page","link":"https:\/\/grupomidia.com\/quemrealiza\/anuncie-na-plataforma-quem-realiza\/","title":{"rendered":"Anuncie | Plataforma Quem Realiza"},"content":{"rendered":"<div role=\"main\"><\/div>\n<div role=\"main\">\n<p><img loading=\"lazy\" decoding=\"async\" class=\"alignnone wp-image-51326\" src=\"https:\/\/grupomidia.com\/quemrealiza\/wp-content\/uploads\/2020\/11\/anuncie-quem-realiza-grupo-midia.png\" alt=\"\" width=\"600\" height=\"465\" title=\"\" srcset=\"https:\/\/grupomidia.com\/quemrealiza\/wp-content\/uploads\/2020\/11\/anuncie-quem-realiza-grupo-midia.png 728w, https:\/\/grupomidia.com\/quemrealiza\/wp-content\/uploads\/2020\/11\/anuncie-quem-realiza-grupo-midia-300x232.png 300w\" sizes=\"auto, (max-width: 600px) 100vw, 600px\" \/><\/p>\n<\/div>\n<div id=\"anuncie-portal-hcm-b87b2dbc9f8258f585fa\" role=\"main\"><\/div>\n<div role=\"main\">Mais do que um simples ve\u00edculo de comunica\u00e7\u00e3o, a Quem Realiza \u00e9 a \u00fanica plataforma ominichannel de Ribeir\u00e3o Preto e regi\u00e3o presente em todos os meios. Composta por revista, portal online e programa televisivo semanal, a plataforma integrada leva conte\u00fado de qualidade at\u00e9 voc\u00ea, onde estiver e no formato que preferir. A comunidade Quem Realiza se volta a pessoas de atitude, realizadores disruptivos e empres\u00e1rios inovadores, que merecem coroar seu sucesso com experi\u00eancias \u00fanicas em cultura, gastronomia, tecnologia, moda, esportes e muito mais.<\/div>\n<div role=\"main\"><\/div>\n<div id=\"anuncie-plataforma-quem-realiza-4d1cbac32c642089b1f5\" role=\"main\"><\/div>\n<p><script type=\"text\/javascript\" src=\"https:\/\/d335luupugsy2.cloudfront.net\/js\/rdstation-forms\/stable\/rdstation-forms.min.js\"><\/script><br \/>\n<script type=\"text\/javascript\"> new RDStationForms('anuncie-plataforma-quem-realiza-4d1cbac32c642089b1f5', 'UA-119539642-1').createForm();<\/script><\/p>\n<p>&nbsp;<\/p>\n<h5>Ribeir\u00e3o Preto\/SP<br \/>\nTelefone: 16 3913 &#8211; 9800<\/h5>\n<h5><a href=\"mailto:contato@grupomidia.com\">contato@grupomidia.com<\/a><br \/>\n<a href=\"mailto:comercial@grupomidia.com\">comercial@grupomidia.com<\/a><br \/>\n<a href=\"mailto:eventos@grupomidia.com\">eventos@grupomidia.com<\/a><\/h5>\n<hr \/>\n<h5><\/h5>\n<p>&nbsp;<\/p>\n","protected":false},"excerpt":{"rendered":"<p>Mais do que um simples ve\u00edculo de comunica\u00e7\u00e3o, a Quem Realiza \u00e9 a \u00fanica plataforma ominichannel de Ribeir\u00e3o Preto e regi\u00e3o presente em todos os meios. Composta por revista, portal online e programa televisivo semanal, a plataforma integrada leva conte\u00fado de qualidade at\u00e9 voc\u00ea, onde estiver e no formato que preferir. A comunidade Quem Realiza [&hellip;]<\/p>\n","protected":false},"author":6,"featured_media":0,"parent":0,"menu_order":0,"comment_status":"closed","ping_status":"closed","template":"","meta":{"footnotes":""},"class_list":["post-50234","page","type-page","status-publish","hentry"],"wps_subtitle":"","_links":{"self":[{"href":"https:\/\/grupomidia.com\/quemrealiza\/wp-json\/wp\/v2\/pages\/50234","targetHints":{"allow":["GET"]}}],"collection":[{"href":"https:\/\/grupomidia.com\/quemrealiza\/wp-json\/wp\/v2\/pages"}],"about":[{"href":"https:\/\/grupomidia.com\/quemrealiza\/wp-json\/wp\/v2\/types\/page"}],"author":[{"embeddable":true,"href":"https:\/\/grupomidia.com\/quemrealiza\/wp-json\/wp\/v2\/users\/6"}],"replies":[{"embeddable":true,"href":"https:\/\/grupomidia.com\/quemrealiza\/wp-json\/wp\/v2\/comments?post=50234"}],"version-history":[{"count":0,"href":"https:\/\/grupomidia.com\/quemrealiza\/wp-json\/wp\/v2\/pages\/50234\/revisions"}],"wp:attachment":[{"href":"https:\/\/grupomidia.com\/quemrealiza\/wp-json\/wp\/v2\/media?parent=50234"}],"curies":[{"name":"wp","href":"https:\/\/api.w.org\/{rel}","templated":true}]}}