{"id":20691,"date":"2020-05-07T18:32:43","date_gmt":"2020-05-07T21:32:43","guid":{"rendered":"https:\/\/grupomidia.com\/quemrealiza\/?page_id=20691"},"modified":"2020-05-07T19:10:40","modified_gmt":"2020-05-07T22:10:40","slug":"premio-quem-realiza","status":"publish","type":"page","link":"https:\/\/grupomidia.com\/quemrealiza\/premio-quem-realiza\/","title":{"rendered":"Vota\u00e7\u00e3o aberta<br>Pr\u00eamio Quem Realiza"},"content":{"rendered":"\n<table id=\"tablepress-3\" class=\"tablepress tablepress-id-3\">\n<tbody>\n<tr class=\"row-1\">\n\t<td class=\"column-1\"><div role=\"main\" id=\"premio-quem-realiza-b376bf49736b4deb1d2f\"><\/div><br \/>\n<script type=\"text\/javascript\" src=\"https:\/\/d335luupugsy2.cloudfront.net\/js\/rdstation-forms\/stable\/rdstation-forms.min.js\"><\/script><br \/>\n<script type=\"text\/javascript\"> new RDStationForms('premio-quem-realiza-b376bf49736b4deb1d2f', 'UA-119539642-1').createForm();<\/script><\/td>\n<\/tr>\n<\/tbody>\n<\/table>\n<!-- #tablepress-3 from cache -->\n","protected":false},"excerpt":{"rendered":"","protected":false},"author":1,"featured_media":20692,"parent":0,"menu_order":0,"comment_status":"closed","ping_status":"closed","template":"","meta":{"footnotes":""},"class_list":["post-20691","page","type-page","status-publish","has-post-thumbnail","hentry"],"wps_subtitle":"","_links":{"self":[{"href":"https:\/\/grupomidia.com\/quemrealiza\/wp-json\/wp\/v2\/pages\/20691","targetHints":{"allow":["GET"]}}],"collection":[{"href":"https:\/\/grupomidia.com\/quemrealiza\/wp-json\/wp\/v2\/pages"}],"about":[{"href":"https:\/\/grupomidia.com\/quemrealiza\/wp-json\/wp\/v2\/types\/page"}],"author":[{"embeddable":true,"href":"https:\/\/grupomidia.com\/quemrealiza\/wp-json\/wp\/v2\/users\/1"}],"replies":[{"embeddable":true,"href":"https:\/\/grupomidia.com\/quemrealiza\/wp-json\/wp\/v2\/comments?post=20691"}],"version-history":[{"count":0,"href":"https:\/\/grupomidia.com\/quemrealiza\/wp-json\/wp\/v2\/pages\/20691\/revisions"}],"wp:featuredmedia":[{"embeddable":true,"href":"https:\/\/grupomidia.com\/quemrealiza\/wp-json\/wp\/v2\/media\/20692"}],"wp:attachment":[{"href":"https:\/\/grupomidia.com\/quemrealiza\/wp-json\/wp\/v2\/media?parent=20691"}],"curies":[{"name":"wp","href":"https:\/\/api.w.org\/{rel}","templated":true}]}}