{"id":19963,"date":"2019-12-02T09:36:21","date_gmt":"2019-12-02T12:36:21","guid":{"rendered":"https:\/\/grupomidia.com\/quemrealiza\/?page_id=19963"},"modified":"2019-12-02T09:39:26","modified_gmt":"2019-12-02T12:39:26","slug":"politica-de-privacidade-cookies-e-protecao-de-dados","status":"publish","type":"page","link":"https:\/\/grupomidia.com\/quemrealiza\/politica-de-privacidade-cookies-e-protecao-de-dados\/","title":{"rendered":"Pol\u00edtica de Privacidade, Cookies e Prote\u00e7\u00e3o de Dados"},"content":{"rendered":"<p>A EJC PARTICIPA\u00c7\u00d5ES LTDA., nome fantasia de GRUPO M\u00cdDIA, pessoa jur\u00eddica de direito privado, inscrita no CNPJ: 07.058.093\/0001-54, com endere\u00e7o eletr\u00f4nico:\u00a0<a href=\"https:\/\/grupomidia.com\/\">www.grupomidia.com<\/a>, representada neste ato doravante denominado CONTRATANTE.<\/p>\n<p>&nbsp;<\/p>\n<p>&nbsp;<\/p>\n<h3>Considerando:<\/h3>\n<p>Que o GRUPO M\u00cdDIA adere, irrestrita e automaticamente, a todos os termos contidos neste documento; tendo ci\u00eancia de que foram redigidos de acordo com a legisla\u00e7\u00e3o vigente ou seja GDPR \u2013 Regulation (EU) 2016\/679 (General Data Protection Regulation),\u00a0 Marco Civil da Internet no Brasil (Marco Civil) \u2013 Lei n\u00ba 12.965 de 23 de abril de 2014,\u00a0 Lei Geral de Prote\u00e7\u00e3o de Dados no Brasil (LGPD) \u2013 Lei n\u00ba 13.709 de 14 de agosto de 2018 e\u00a0\u00a0 Can-spam \u2013 Controlling the Assault of Non-Solicited Pornography and Marketing Act of 2003 (Pub.L. 108-187.<\/p>\n<p>Que o GRUPO M\u00cdDIA est\u00e1 fornecendo informa\u00e7\u00f5es verdadeiras em seu cadastro, sob as penas aplic\u00e1veis da lei;<\/p>\n<p>Que 0 GRUPO M\u00cdDIA declara que seus dados foram obtidos de forma l\u00edcita e de acordo com o previsto nas leis de prote\u00e7\u00e3o de dados vigentes em seu pa\u00eds.<\/p>\n<p>&nbsp;<\/p>\n<p>&nbsp;<\/p>\n<h3>Condi\u00e7\u00f5es de uso<\/h3>\n<p>O GRUPO M\u00cdDIA utiliza cookies para Remarketing; rastreio de jornada do cliente; envio de e-mail marketing e A\u00e7\u00f5es direcionadas em redes sociais, desde que seus prop\u00f3sitos n\u00e3o firam o termo de ades\u00e3o, as leis vigentes ou quaisquer direitos individuais civis garantidos por lei, regulamentos ou boas pr\u00e1ticas; OGRUPO M\u00cdDIA receber\u00e1 os dados dos usu\u00e1rios obtidos atrav\u00e9s de consentimento informado e inequ\u00edvoco do representante desta.<\/p>\n<p>&nbsp;<\/p>\n<p>&nbsp;<\/p>\n<h3>Sigilo das informa\u00e7\u00f5es<\/h3>\n<p>O GRUPO M\u00cdDIA adere, irrestritamente, \u00e0s condi\u00e7\u00f5es de sigilo e confidencialidade impostas por lei quanto aos dados pessoais, dados pessoais sens\u00edveis e dados anonimizados pautando suas atividades de tratamento conforme os princ\u00edpios da finalidade, adequa\u00e7\u00e3o, necessidade, seguran\u00e7a, preven\u00e7\u00e3o, responsabiliza\u00e7\u00e3o e presta\u00e7\u00e3o de contas conforme determina a\u00a0<a href=\"http:\/\/www.planalto.gov.br\/ccivil_03\/_ato2015-2018\/2018\/Lei\/L13709.htm\" target=\"_blank\" rel=\"noopener noreferrer nofollow\">Lei 13.709\/2018<\/a>.<\/p>\n","protected":false},"excerpt":{"rendered":"<p>A EJC PARTICIPA\u00c7\u00d5ES LTDA., nome fantasia de GRUPO M\u00cdDIA, pessoa jur\u00eddica de direito privado, inscrita no CNPJ: 07.058.093\/0001-54, com endere\u00e7o eletr\u00f4nico:\u00a0www.grupomidia.com, representada neste ato doravante denominado CONTRATANTE. &nbsp; &nbsp; Considerando: Que o GRUPO M\u00cdDIA adere, irrestrita e automaticamente, a todos os termos contidos neste documento; tendo ci\u00eancia de que foram redigidos de acordo com a [&hellip;]<\/p>\n","protected":false},"author":1,"featured_media":0,"parent":0,"menu_order":0,"comment_status":"closed","ping_status":"closed","template":"","meta":{"footnotes":""},"class_list":["post-19963","page","type-page","status-publish","hentry"],"wps_subtitle":"","_links":{"self":[{"href":"https:\/\/grupomidia.com\/quemrealiza\/wp-json\/wp\/v2\/pages\/19963","targetHints":{"allow":["GET"]}}],"collection":[{"href":"https:\/\/grupomidia.com\/quemrealiza\/wp-json\/wp\/v2\/pages"}],"about":[{"href":"https:\/\/grupomidia.com\/quemrealiza\/wp-json\/wp\/v2\/types\/page"}],"author":[{"embeddable":true,"href":"https:\/\/grupomidia.com\/quemrealiza\/wp-json\/wp\/v2\/users\/1"}],"replies":[{"embeddable":true,"href":"https:\/\/grupomidia.com\/quemrealiza\/wp-json\/wp\/v2\/comments?post=19963"}],"version-history":[{"count":0,"href":"https:\/\/grupomidia.com\/quemrealiza\/wp-json\/wp\/v2\/pages\/19963\/revisions"}],"wp:attachment":[{"href":"https:\/\/grupomidia.com\/quemrealiza\/wp-json\/wp\/v2\/media?parent=19963"}],"curies":[{"name":"wp","href":"https:\/\/api.w.org\/{rel}","templated":true}]}}