{"id":3325,"date":"2021-08-09T09:54:09","date_gmt":"2021-08-09T09:54:09","guid":{"rendered":"https:\/\/grupomidia.com\/grupomidiacast\/?page_id=3325"},"modified":"2026-03-04T09:19:01","modified_gmt":"2026-03-04T12:19:01","slug":"home-1","status":"publish","type":"page","link":"https:\/\/grupomidia.com\/grupomidiacast\/","title":{"rendered":"Grupo M\u00eddia Cast"},"content":{"rendered":"\t\t<div data-elementor-type=\"wp-page\" data-elementor-id=\"3325\" class=\"elementor elementor-3325\" data-elementor-post-type=\"page\">\n\t\t\t\t\t\t<section class=\"elementor-section elementor-top-section elementor-element elementor-element-b52e3d8 elementor-section-boxed elementor-section-height-default elementor-section-height-default\" data-id=\"b52e3d8\" data-element_type=\"section\" id=\"sobre\" data-settings=\"{&quot;background_background&quot;:&quot;classic&quot;}\">\n\t\t\t\t\t\t\t<div class=\"elementor-background-overlay\"><\/div>\n\t\t\t\t\t\t\t<div class=\"elementor-container elementor-column-gap-default\">\n\t\t\t\t\t<div class=\"elementor-column elementor-col-100 elementor-top-column elementor-element elementor-element-7a12e01\" data-id=\"7a12e01\" data-element_type=\"column\">\n\t\t\t<div class=\"elementor-widget-wrap elementor-element-populated\">\n\t\t\t\t\t\t<div class=\"elementor-element elementor-element-2d4c169 elementor-widget elementor-widget-heading\" data-id=\"2d4c169\" data-element_type=\"widget\" data-widget_type=\"heading.default\">\n\t\t\t\t<div class=\"elementor-widget-container\">\n\t\t\t\t\t<p class=\"elementor-heading-title elementor-size-default\">O Grupo M\u00eddia Cast \u00e9 um espa\u00e7o exclusivo de conversas estrat\u00e9gicas multissetoriais com CEOs, fundadores e tomadores de decis\u00e3o. <br><br> \nMais do que entrevistas, entregamos conte\u00fado com prop\u00f3sito institucional, capaz de gerar autoridade, reputa\u00e7\u00e3o e conex\u00e3o qualificada entre marcas e lideran\u00e7as que movem a economia brasileira.  <\/p>\t\t\t\t<\/div>\n\t\t\t\t<\/div>\n\t\t\t\t<div class=\"elementor-element elementor-element-776c1ae elementor-widget elementor-widget-cryptlight_elementor_button\" data-id=\"776c1ae\" data-element_type=\"widget\" data-widget_type=\"cryptlight_elementor_button.default\">\n\t\t\t\t<div class=\"elementor-widget-container\">\n\t\t\t\t\t\n\t\t<div class=\"ova-button\">\n\t\t\t\t\t\t\t<a href=\"https:\/\/grupomidia.com\/grupomidiacast\/#quero-anunciar\" class=\"url-button\" >\n\t\t\t\t\t\t\t\t\t\t\tQUERO FALAR SOBRE O PROJETO\t\t\t\t\t\t\t\t\t<\/a>\n\t\t\t\t\t<\/div>\n\t\t \t\n\t\t\t\t\t\t<\/div>\n\t\t\t\t<\/div>\n\t\t\t\t\t<\/div>\n\t\t<\/div>\n\t\t\t\t\t<\/div>\n\t\t<\/section>\n\t\t\t\t<section class=\"elementor-section elementor-top-section elementor-element elementor-element-c3bb64f elementor-section-boxed elementor-section-height-default elementor-section-height-default\" data-id=\"c3bb64f\" data-element_type=\"section\" id=\"about\" data-settings=\"{&quot;background_background&quot;:&quot;classic&quot;}\">\n\t\t\t\t\t\t\t<div class=\"elementor-background-overlay\"><\/div>\n\t\t\t\t\t\t\t<div class=\"elementor-container elementor-column-gap-default\">\n\t\t\t\t\t<div class=\"elementor-column elementor-col-50 elementor-top-column elementor-element elementor-element-c99988d elementor-hidden-mobile\" data-id=\"c99988d\" data-element_type=\"column\" data-settings=\"{&quot;background_background&quot;:&quot;classic&quot;}\">\n\t\t\t<div class=\"elementor-widget-wrap\">\n\t\t\t\t\t\t\t<\/div>\n\t\t<\/div>\n\t\t\t\t<div class=\"elementor-column elementor-col-50 elementor-top-column elementor-element elementor-element-89d44fb\" data-id=\"89d44fb\" data-element_type=\"column\">\n\t\t\t<div class=\"elementor-widget-wrap elementor-element-populated\">\n\t\t\t\t\t\t<div class=\"elementor-element elementor-element-12d4666 elementor-widget elementor-widget-heading\" data-id=\"12d4666\" data-element_type=\"widget\" data-widget_type=\"heading.default\">\n\t\t\t\t<div class=\"elementor-widget-container\">\n\t\t\t\t\t<h2 class=\"elementor-heading-title elementor-size-default\"><span style=\"color: #416CFC\">Por que o<\/span> Grupo M\u00eddia Cast?<\/h2>\t\t\t\t<\/div>\n\t\t\t\t<\/div>\n\t\t\t\t<div class=\"elementor-element elementor-element-bbfc870 elementor-widget elementor-widget-heading\" data-id=\"bbfc870\" data-element_type=\"widget\" data-widget_type=\"heading.default\">\n\t\t\t\t<div class=\"elementor-widget-container\">\n\t\t\t\t\t<p class=\"elementor-heading-title elementor-size-default\">Porque influ\u00eancia se constr\u00f3i com <b><span style=\"color: #416CFC\">contexto, curadoria e credibilidade<\/b>. <\/span><br><br>No   \nGrupo M\u00eddia Cast, os convidados compartilham <b><span style=\"color: #416CFC\">decis\u00f5es reais,   \naprendizados de mercado, vis\u00f5es de futuro e hist\u00f3rias de lideran\u00e7a<\/b><\/span> em   \nconversas profundas, conduzidas com rigor editorial e vis\u00e3o estrat\u00e9gica.  \n<\/p>\t\t\t\t<\/div>\n\t\t\t\t<\/div>\n\t\t\t\t\t<\/div>\n\t\t<\/div>\n\t\t\t\t\t<\/div>\n\t\t<\/section>\n\t\t\t\t<section class=\"elementor-section elementor-top-section elementor-element elementor-element-073c4e0 elementor-section-boxed elementor-section-height-default elementor-section-height-default\" data-id=\"073c4e0\" data-element_type=\"section\" id=\"midiacast\" data-settings=\"{&quot;background_background&quot;:&quot;classic&quot;}\">\n\t\t\t\t\t\t\t<div class=\"elementor-background-overlay\"><\/div>\n\t\t\t\t\t\t\t<div class=\"elementor-container elementor-column-gap-default\">\n\t\t\t\t\t<div class=\"elementor-column elementor-col-100 elementor-top-column elementor-element elementor-element-3011c89\" data-id=\"3011c89\" data-element_type=\"column\">\n\t\t\t<div class=\"elementor-widget-wrap elementor-element-populated\">\n\t\t\t\t\t\t<section class=\"elementor-section elementor-inner-section elementor-element elementor-element-094e9e7 elementor-section-full_width elementor-section-height-default elementor-section-height-default\" data-id=\"094e9e7\" data-element_type=\"section\">\n\t\t\t\t\t\t<div class=\"elementor-container elementor-column-gap-default\">\n\t\t\t\t\t<div class=\"elementor-column elementor-col-100 elementor-inner-column elementor-element elementor-element-16a6749\" data-id=\"16a6749\" data-element_type=\"column\">\n\t\t\t<div class=\"elementor-widget-wrap elementor-element-populated\">\n\t\t\t\t\t\t<div class=\"elementor-element elementor-element-f6989bd elementor-widget elementor-widget-heading\" data-id=\"f6989bd\" data-element_type=\"widget\" data-widget_type=\"heading.default\">\n\t\t\t\t<div class=\"elementor-widget-container\">\n\t\t\t\t\t<h2 class=\"elementor-heading-title elementor-size-default\"><span style=\"color: #416CFC\">Epis\u00f3dios do<\/span> Grupo M\u00eddia Cast?<\/h2>\t\t\t\t<\/div>\n\t\t\t\t<\/div>\n\t\t\t\t\t<\/div>\n\t\t<\/div>\n\t\t\t\t\t<\/div>\n\t\t<\/section>\n\t\t\t\t<section class=\"elementor-section elementor-inner-section elementor-element elementor-element-5c07e4b elementor-section-boxed elementor-section-height-default elementor-section-height-default\" data-id=\"5c07e4b\" data-element_type=\"section\" data-settings=\"{&quot;background_background&quot;:&quot;classic&quot;}\">\n\t\t\t\t\t\t<div class=\"elementor-container elementor-column-gap-default\">\n\t\t\t\t\t<div class=\"elementor-column elementor-col-100 elementor-inner-column elementor-element elementor-element-2ffc53a\" data-id=\"2ffc53a\" data-element_type=\"column\">\n\t\t\t<div class=\"elementor-widget-wrap elementor-element-populated\">\n\t\t\t\t\t\t<div class=\"elementor-element elementor-element-98f55ea elementor-widget elementor-widget-html\" data-id=\"98f55ea\" data-element_type=\"widget\" data-widget_type=\"html.default\">\n\t\t\t\t<div class=\"elementor-widget-container\">\n\t\t\t\t\t<iframe \n    src=\"https:\/\/grupomidia.com\/grupomidiacast\/sis\/\" \n    width=\"1000\" \n    height=\"640\" \n    style=\"border:none; overflow:hidden;\" \n    scrolling=\"no\">\n<\/iframe>\t\t\t\t<\/div>\n\t\t\t\t<\/div>\n\t\t\t\t\t<\/div>\n\t\t<\/div>\n\t\t\t\t\t<\/div>\n\t\t<\/section>\n\t\t\t\t\t<\/div>\n\t\t<\/div>\n\t\t\t\t\t<\/div>\n\t\t<\/section>\n\t\t\t\t<section class=\"elementor-section elementor-top-section elementor-element elementor-element-cb4c6a3 ova-tabs elementor-section-boxed elementor-section-height-default elementor-section-height-default\" data-id=\"cb4c6a3\" data-element_type=\"section\" data-settings=\"{&quot;background_background&quot;:&quot;classic&quot;}\">\n\t\t\t\t\t\t\t<div class=\"elementor-background-overlay\"><\/div>\n\t\t\t\t\t\t\t<div class=\"elementor-container elementor-column-gap-default\">\n\t\t\t\t\t<div class=\"elementor-column elementor-col-100 elementor-top-column elementor-element elementor-element-e580c02\" data-id=\"e580c02\" data-element_type=\"column\">\n\t\t\t<div class=\"elementor-widget-wrap elementor-element-populated\">\n\t\t\t\t\t\t<div class=\"elementor-element elementor-element-739b9c8 elementor-widget elementor-widget-heading\" data-id=\"739b9c8\" data-element_type=\"widget\" data-widget_type=\"heading.default\">\n\t\t\t\t<div class=\"elementor-widget-container\">\n\t\t\t\t\t<h2 class=\"elementor-heading-title elementor-size-default\"><span style=\"color: #416CFC\">Um projeto para marcas que querem<\/span> <br>mais do que visibilidade<\/h2>\t\t\t\t<\/div>\n\t\t\t\t<\/div>\n\t\t\t\t<div class=\"elementor-element elementor-element-b7bdbd0 elementor-widget elementor-widget-text-editor\" data-id=\"b7bdbd0\" data-element_type=\"widget\" data-widget_type=\"text-editor.default\">\n\t\t\t\t<div class=\"elementor-widget-container\">\n\t\t\t\t\t\t\t\t\t<p>Participar do Grupo M\u00eddia Cast significa posicionar sua marca ao lado de lideran\u00e7as reconhecidas, dentro de um ecossistema que conecta conte\u00fado, neg\u00f3cios e influ\u00eancia.<\/p>\t\t\t\t\t\t\t\t<\/div>\n\t\t\t\t<\/div>\n\t\t\t\t<div class=\"elementor-element elementor-element-084837a elementor-widget elementor-widget-heading\" data-id=\"084837a\" data-element_type=\"widget\" data-widget_type=\"heading.default\">\n\t\t\t\t<div class=\"elementor-widget-container\">\n\t\t\t\t\t<h2 class=\"elementor-heading-title elementor-size-default\"><span style=\"color: #416CFC\">\u00c9 uma plataforma <\/span> pensada para:<\/h2>\t\t\t\t<\/div>\n\t\t\t\t<\/div>\n\t\t\t\t<section class=\"elementor-section elementor-inner-section elementor-element elementor-element-a4dea35 elementor-section-boxed elementor-section-height-default elementor-section-height-default\" data-id=\"a4dea35\" data-element_type=\"section\" data-settings=\"{&quot;background_background&quot;:&quot;classic&quot;}\">\n\t\t\t\t\t\t<div class=\"elementor-container elementor-column-gap-no\">\n\t\t\t\t\t<div class=\"elementor-column elementor-col-50 elementor-inner-column elementor-element elementor-element-3294d2e\" data-id=\"3294d2e\" data-element_type=\"column\">\n\t\t\t<div class=\"elementor-widget-wrap elementor-element-populated\">\n\t\t\t\t\t\t<div class=\"elementor-element elementor-element-184a54e elementor-widget__width-initial elementor-invisible elementor-widget elementor-widget-cryptlight_elementor_details\" data-id=\"184a54e\" data-element_type=\"widget\" data-settings=\"{&quot;_animation&quot;:&quot;ova-move-up&quot;,&quot;_animation_tablet&quot;:&quot;none&quot;,&quot;_animation_delay&quot;:100}\" data-widget_type=\"cryptlight_elementor_details.default\">\n\t\t\t\t<div class=\"elementor-widget-container\">\n\t\t\t\t\t\t\t\t\t\t<div class=\"ova-details linear-gradient-active\">\n\t\t\t\t\t\t\t\t\t<div class=\"title\">\n\t\t\t\t\t\tFortalecer posicionamento institucional \t\t\t\t   <\/div>\n\t\t\t\t\t\t\t\t\t\t\t<\/div>\n\t\t\t\t\t\t<\/div>\n\t\t\t\t<\/div>\n\t\t\t\t<div class=\"elementor-element elementor-element-9d5ed43 elementor-widget__width-initial elementor-invisible elementor-widget elementor-widget-cryptlight_elementor_details\" data-id=\"9d5ed43\" data-element_type=\"widget\" data-settings=\"{&quot;_animation&quot;:&quot;ova-move-up&quot;,&quot;_animation_tablet&quot;:&quot;none&quot;,&quot;_animation_delay&quot;:100}\" data-widget_type=\"cryptlight_elementor_details.default\">\n\t\t\t\t<div class=\"elementor-widget-container\">\n\t\t\t\t\t\t\t\t\t\t<div class=\"ova-details linear-gradient-active\">\n\t\t\t\t\t\t\t\t\t<div class=\"title\">\n\t\t\t\t\t\tGerar relacionamento com executivos C-level \t\t\t\t   <\/div>\n\t\t\t\t\t\t\t\t\t\t\t<\/div>\n\t\t\t\t\t\t<\/div>\n\t\t\t\t<\/div>\n\t\t\t\t\t<\/div>\n\t\t<\/div>\n\t\t\t\t<div class=\"elementor-column elementor-col-50 elementor-inner-column elementor-element elementor-element-dc91734\" data-id=\"dc91734\" data-element_type=\"column\">\n\t\t\t<div class=\"elementor-widget-wrap elementor-element-populated\">\n\t\t\t\t\t\t<div class=\"elementor-element elementor-element-c13c13e elementor-widget__width-initial elementor-invisible elementor-widget elementor-widget-cryptlight_elementor_details\" data-id=\"c13c13e\" data-element_type=\"widget\" data-settings=\"{&quot;_animation&quot;:&quot;ova-move-up&quot;,&quot;_animation_tablet&quot;:&quot;none&quot;,&quot;_animation_delay&quot;:100}\" data-widget_type=\"cryptlight_elementor_details.default\">\n\t\t\t\t<div class=\"elementor-widget-container\">\n\t\t\t\t\t\t\t\t\t\t<div class=\"ova-details linear-gradient-active\">\n\t\t\t\t\t\t\t\t\t<div class=\"title\">\n\t\t\t\t\t\tConstruir autoridade no seu setor \t\t\t\t   <\/div>\n\t\t\t\t\t\t\t\t\t\t\t<\/div>\n\t\t\t\t\t\t<\/div>\n\t\t\t\t<\/div>\n\t\t\t\t<div class=\"elementor-element elementor-element-9a1681b elementor-widget__width-initial elementor-invisible elementor-widget elementor-widget-cryptlight_elementor_details\" data-id=\"9a1681b\" data-element_type=\"widget\" data-settings=\"{&quot;_animation&quot;:&quot;ova-move-up&quot;,&quot;_animation_tablet&quot;:&quot;none&quot;,&quot;_animation_delay&quot;:100}\" data-widget_type=\"cryptlight_elementor_details.default\">\n\t\t\t\t<div class=\"elementor-widget-container\">\n\t\t\t\t\t\t\t\t\t\t<div class=\"ova-details linear-gradient-active\">\n\t\t\t\t\t\t\t\t\t<div class=\"title\">\n\t\t\t\t\t\tAmpliar presen\u00e7a em um ambiente de alta credibilidade  \t\t\t\t   <\/div>\n\t\t\t\t\t\t\t\t\t\t\t\t\t<div class=\"desc\">\n\t\t\t\t\t\t\n\t\t\t\t\t<\/div>\n\t\t\t\t\t\t\t<\/div>\n\t\t\t\t\t\t<\/div>\n\t\t\t\t<\/div>\n\t\t\t\t\t<\/div>\n\t\t<\/div>\n\t\t\t\t\t<\/div>\n\t\t<\/section>\n\t\t\t\t<div class=\"elementor-element elementor-element-6806435 elementor-hidden-desktop elementor-hidden-tablet elementor-hidden-mobile elementor-widget elementor-widget-cryptlight_elementor_button\" data-id=\"6806435\" data-element_type=\"widget\" data-widget_type=\"cryptlight_elementor_button.default\">\n\t\t\t\t<div class=\"elementor-widget-container\">\n\t\t\t\t\t\n\t\t<div class=\"ova-button\">\n\t\t\t\t\t\t\t<a href=\"https:\/\/grupomidia.com\/grupomidiacast\/#quero-anunciar\" class=\"url-button\" >\n\t\t\t\t\t\t\t\t\t\t\tQUERO POSICIONAR MINHA MARCA\t\t\t\t\t\t\t\t\t<\/a>\n\t\t\t\t\t<\/div>\n\t\t \t\n\t\t\t\t\t\t<\/div>\n\t\t\t\t<\/div>\n\t\t\t\t\t<\/div>\n\t\t<\/div>\n\t\t\t\t\t<\/div>\n\t\t<\/section>\n\t\t\t\t<section class=\"elementor-section elementor-top-section elementor-element elementor-element-ede854e elementor-section-boxed elementor-section-height-default elementor-section-height-default\" data-id=\"ede854e\" data-element_type=\"section\" data-settings=\"{&quot;background_background&quot;:&quot;classic&quot;}\">\n\t\t\t\t\t\t\t<div class=\"elementor-background-overlay\"><\/div>\n\t\t\t\t\t\t\t<div class=\"elementor-container elementor-column-gap-default\">\n\t\t\t\t\t<div class=\"elementor-column elementor-col-100 elementor-top-column elementor-element elementor-element-e24ee2e\" data-id=\"e24ee2e\" data-element_type=\"column\">\n\t\t\t<div class=\"elementor-widget-wrap elementor-element-populated\">\n\t\t\t\t\t\t<div class=\"elementor-element elementor-element-2b21f2c elementor-widget elementor-widget-heading\" data-id=\"2b21f2c\" data-element_type=\"widget\" data-widget_type=\"heading.default\">\n\t\t\t\t<div class=\"elementor-widget-container\">\n\t\t\t\t\t<h2 class=\"elementor-heading-title elementor-size-default\"><span style=\"color: #416CFC\">Quem est\u00e1<\/span> por tr\u00e1s?<\/h2>\t\t\t\t<\/div>\n\t\t\t\t<\/div>\n\t\t\t\t<div class=\"elementor-element elementor-element-b7bbb4f elementor-widget elementor-widget-text-editor\" data-id=\"b7bbb4f\" data-element_type=\"widget\" data-widget_type=\"text-editor.default\">\n\t\t\t\t<div class=\"elementor-widget-container\">\n\t\t\t\t\t\t\t\t\tO Grupo M\u00eddia \u00e9 uma plataforma de influ\u00eancia empresarial multissetorial, com quase duas d\u00e9cadas de atua\u00e7\u00e3o no Brasil.<br><br>\n\nAtuamos na conex\u00e3o estrat\u00e9gica entre empresas, lideran\u00e7as e institui\u00e7\u00f5es, criando ambientes institucionais onde conhecimento qualificado, relacionamento de alto n\u00edvel e decis\u00f5es relevantes se encontram.<br><br>\n\nO Grupo M\u00eddia Cast \u00e9 apresentado por Edmilson Caparelli, presidente do Grupo M\u00eddia, trazendo sua vis\u00e3o estrat\u00e9gica, experi\u00eancia multissetorial e proximidade com os principais l\u00edderes empresariais do pa\u00eds para conduzir conversas que geram influ\u00eancia real e impacto institucional.\t\t\t\t\t\t\t\t<\/div>\n\t\t\t\t<\/div>\n\t\t\t\t\t<\/div>\n\t\t<\/div>\n\t\t\t\t\t<\/div>\n\t\t<\/section>\n\t\t\t\t<section class=\"elementor-section elementor-top-section elementor-element elementor-element-3a2504d elementor-section-boxed elementor-section-height-default elementor-section-height-default\" data-id=\"3a2504d\" data-element_type=\"section\" data-settings=\"{&quot;background_background&quot;:&quot;classic&quot;}\">\n\t\t\t\t\t\t<div class=\"elementor-container elementor-column-gap-default\">\n\t\t\t\t\t<div class=\"elementor-column elementor-col-100 elementor-top-column elementor-element elementor-element-216c0f6\" data-id=\"216c0f6\" data-element_type=\"column\">\n\t\t\t<div class=\"elementor-widget-wrap elementor-element-populated\">\n\t\t\t\t\t\t<section class=\"elementor-section elementor-inner-section elementor-element elementor-element-fde647c elementor-section-boxed elementor-section-height-default elementor-section-height-default\" data-id=\"fde647c\" data-element_type=\"section\" id=\"participar\" data-settings=\"{&quot;background_background&quot;:&quot;classic&quot;}\">\n\t\t\t\t\t\t<div class=\"elementor-container elementor-column-gap-default\">\n\t\t\t\t\t<div class=\"elementor-column elementor-col-100 elementor-inner-column elementor-element elementor-element-1a895f8\" data-id=\"1a895f8\" data-element_type=\"column\">\n\t\t\t<div class=\"elementor-widget-wrap elementor-element-populated\">\n\t\t\t\t\t\t<div class=\"elementor-element elementor-element-9b4bfcf elementor-widget elementor-widget-heading\" data-id=\"9b4bfcf\" data-element_type=\"widget\" data-widget_type=\"heading.default\">\n\t\t\t\t<div class=\"elementor-widget-container\">\n\t\t\t\t\t<h2 class=\"elementor-heading-title elementor-size-default\"><span style=\"color: #416CFC\">Quer  fazer parte do<\/span> Grupo M\u00eddia Cast?<\/h2>\t\t\t\t<\/div>\n\t\t\t\t<\/div>\n\t\t\t\t<div class=\"elementor-element elementor-element-bccc51b elementor-widget elementor-widget-text-editor\" data-id=\"bccc51b\" data-element_type=\"widget\" data-widget_type=\"text-editor.default\">\n\t\t\t\t<div class=\"elementor-widget-container\">\n\t\t\t\t\t\t\t\t\t<p>Preencha o formul\u00e1rio abaixo e fale com nosso time.<\/p>\t\t\t\t\t\t\t\t<\/div>\n\t\t\t\t<\/div>\n\t\t\t\t<div class=\"elementor-element elementor-element-91c1058 elementor-widget elementor-widget-html\" data-id=\"91c1058\" data-element_type=\"widget\" data-widget_type=\"html.default\">\n\t\t\t\t<div class=\"elementor-widget-container\">\n\t\t\t\t\t<div role=\"main\" id=\"lpgrupomidiacast-5f6babdcd0eae9431491\"><\/div><script type=\"text\/javascript\" src=\"https:\/\/d335luupugsy2.cloudfront.net\/js\/rdstation-forms\/stable\/rdstation-forms.min.js\"><\/script><script type=\"text\/javascript\"> new RDStationForms('lpgrupomidiacast-5f6babdcd0eae9431491', 'null').createForm();<\/script>\t\t\t\t<\/div>\n\t\t\t\t<\/div>\n\t\t\t\t\t<\/div>\n\t\t<\/div>\n\t\t\t\t\t<\/div>\n\t\t<\/section>\n\t\t\t\t\t<\/div>\n\t\t<\/div>\n\t\t\t\t\t<\/div>\n\t\t<\/section>\n\t\t\t\t<\/div>\n\t\t","protected":false},"excerpt":{"rendered":"<p>O Grupo M\u00eddia Cast \u00e9 um espa\u00e7o exclusivo de conversas estrat\u00e9gicas multissetoriais com CEOs, fundadores e tomadores de decis\u00e3o. Mais do que entrevistas, entregamos conte\u00fado com prop\u00f3sito institucional, capaz de gerar autoridade, reputa\u00e7\u00e3o e conex\u00e3o qualificada entre marcas e lideran\u00e7as que movem a economia brasileira. QUERO FALAR SOBRE O PROJETO Por que o Grupo M\u00eddia [&hellip;]<\/p>\n","protected":false},"author":1,"featured_media":0,"parent":0,"menu_order":0,"comment_status":"closed","ping_status":"closed","template":"elementor_header_footer","meta":{"om_disable_all_campaigns":false,"_monsterinsights_skip_tracking":false,"_monsterinsights_sitenote_active":false,"_monsterinsights_sitenote_note":"","_monsterinsights_sitenote_category":0,"footnotes":""},"class_list":["post-3325","page","type-page","status-publish","hentry"],"aioseo_notices":[],"_links":{"self":[{"href":"https:\/\/grupomidia.com\/grupomidiacast\/wp-json\/wp\/v2\/pages\/3325","targetHints":{"allow":["GET"]}}],"collection":[{"href":"https:\/\/grupomidia.com\/grupomidiacast\/wp-json\/wp\/v2\/pages"}],"about":[{"href":"https:\/\/grupomidia.com\/grupomidiacast\/wp-json\/wp\/v2\/types\/page"}],"author":[{"embeddable":true,"href":"https:\/\/grupomidia.com\/grupomidiacast\/wp-json\/wp\/v2\/users\/1"}],"replies":[{"embeddable":true,"href":"https:\/\/grupomidia.com\/grupomidiacast\/wp-json\/wp\/v2\/comments?post=3325"}],"version-history":[{"count":690,"href":"https:\/\/grupomidia.com\/grupomidiacast\/wp-json\/wp\/v2\/pages\/3325\/revisions"}],"predecessor-version":[{"id":16558,"href":"https:\/\/grupomidia.com\/grupomidiacast\/wp-json\/wp\/v2\/pages\/3325\/revisions\/16558"}],"wp:attachment":[{"href":"https:\/\/grupomidia.com\/grupomidiacast\/wp-json\/wp\/v2\/media?parent=3325"}],"curies":[{"name":"wp","href":"https:\/\/api.w.org\/{rel}","templated":true}]}}